{"id":4080,"date":"2024-04-19T07:50:28","date_gmt":"2024-04-19T11:50:28","guid":{"rendered":"https:\/\/kiexplore.com\/privacy-policy\/"},"modified":"2024-04-19T09:29:27","modified_gmt":"2024-04-19T13:29:27","slug":"politique-de-confidentialite","status":"publish","type":"page","link":"https:\/\/kiexplore.com\/fr\/politique-de-confidentialite\/","title":{"rendered":"Politique de confidentialit\u00e9"},"content":{"rendered":"\t\t<div data-elementor-type=\"wp-page\" data-elementor-id=\"4080\" class=\"elementor elementor-4080 elementor-4060\" data-elementor-post-type=\"page\">\n\t\t\t\t\t\t<section class=\"elementor-section elementor-top-section elementor-element elementor-element-bad117b elementor-section-boxed elementor-section-height-default elementor-section-height-default\" data-id=\"bad117b\" data-element_type=\"section\" data-settings=\"{&quot;jet_parallax_layout_list&quot;:[],&quot;background_background&quot;:&quot;classic&quot;}\">\n\t\t\t\t\t\t<div class=\"elementor-container elementor-column-gap-default\">\n\t\t\t\t\t<div class=\"elementor-column elementor-col-100 elementor-top-column elementor-element elementor-element-1d4db32\" data-id=\"1d4db32\" data-element_type=\"column\">\n\t\t\t<div class=\"elementor-widget-wrap elementor-element-populated\">\n\t\t\t\t\t\t<div class=\"elementor-element elementor-element-0c04c50 elementor-widget elementor-widget-text-editor\" data-id=\"0c04c50\" data-element_type=\"widget\" data-widget_type=\"text-editor.default\">\n\t\t\t\t<div class=\"elementor-widget-container\">\n\t\t\t\t\t\t\t<h1 style=\"text-align: center;\">Politique de confidentialit\u00e9<\/h1><p><em>Mise \u00e0 jour : 19 avril 2024<\/em><\/p><h2>Qui sommes-nous\u00a0?<\/h2><p>Ki Explore inc. (&lt;&lt;Ki Explore&gt;&gt;, &lt;&lt;nous&gt;&gt;, &lt;&lt;notre&gt;&gt; et &lt;&lt;nos&gt;&gt;)\u00a0 accorde une grande importance \u00e0 la protection de votre vie priv\u00e9e et s\u2019engage fermement \u00e0 pr\u00e9server les donn\u00e9es personnelles de ses utilisateurs. Pour garantir cette protection, nous avons \u00e9labor\u00e9 cette Politique de confidentialit\u00e9 (la &lt;&lt;Politique de confidentialit\u00e9&gt;&gt; ou la &lt;&lt;Politique&gt;&gt;) visant \u00e0 offrir une transparence concernant la collecte de donn\u00e9es, ses objectifs, les parties avec lesquelles elles peuvent \u00eatre partag\u00e9es et les modalit\u00e9s d\u2019acc\u00e8s.<\/p><p>Nous assumons pleinement notre responsabilit\u00e9 en mati\u00e8re de gestion responsable de vos donn\u00e9es personnelles, et nous souhaitons souligner que nous ne proc\u00e9dons pas \u00e0 la vente ni \u00e0 la vente future de vos donn\u00e9es \u00e0 des tiers.<\/p><p>La pr\u00e9sente politique s\u2019applique \u00e0 l\u2019utilisation du site Web situ\u00e9 \u00e0 l\u2019adresse kiexplore.com. Nous vous encourageons \u00e0 la parcourir attentivement afin de bien comprendre le moment o\u00f9 vous fournissez vos donn\u00e9es et comment celles-ci seront utilis\u00e9es. En utilisant notre site Web, vous consentez \u00e0 l\u2019utilisation de vos donn\u00e9es personnelles conform\u00e9ment \u00e0 ce qui est d\u00e9crit dans la pr\u00e9sente Politique.<\/p><p>Nous nous r\u00e9servons le droit de modifier cette Politique de confidentialit\u00e9 \u00e0 tout moment sans vous en informer au pr\u00e9alable, et nous publierons la Politique sur cette page.<\/p><h2>Donn\u00e9es personnelles<\/h2><p>Lorsque vous effectuez une demande de soumission sur le site, celle-ci est transmise directement \u00e0 l\u2019adresse info@kiexplore.com. Aucune donn\u00e9e n\u2019est stock\u00e9e sur le site Web.<\/p><p>Nous pouvons utiliser les informations que nous collectons \u00e0 votre sujet \u00e0 des fins sp\u00e9cifiques, \u00e0 savoir :<\/p><ol><li aria-level=\"1\">Marketing\/Promotionnel<\/li><li aria-level=\"1\">T\u00e9moignages (cookies)<\/li><li aria-level=\"1\">Support<\/li><\/ol><p>Si nous souhaitons utiliser vos informations \u00e0 toute autre fin, nous solliciterons votre consentement et n\u2019utiliserons vos informations qu\u2019apr\u00e8s avoir obtenu votre consentement, et ce, uniquement aux fins pour lesquelles vous avez donn\u00e9 votre accord, sauf si la loi nous oblige \u00e0 proc\u00e9der autrement.<\/p><h2>Partage de donn\u00e9es<\/h2><p>Il est important de pr\u00e9ciser que nous ne commercialisons en aucun cas les donn\u00e9es personnelles de nos utilisateurs. La divulgation de vos donn\u00e9es personnelles est strictement encadr\u00e9e par les dispositions de cette Politique.<\/p><p>Cependant, il peut \u00eatre n\u00e9cessaire de partager certaines de vos donn\u00e9es avec des tiers. Par exemple, nous pourrions partager vos donn\u00e9es avec notre agence marketing ou nos fournisseurs de services informatiques dans le cadre de l\u2019ex\u00e9cution de contrats de service sp\u00e9cifiques. Nos fournisseurs de services tiers peuvent analyser vos informations uniquement dans la mesure n\u00e9cessaire pour ex\u00e9cuter les services qu\u2019ils nous fournissent.<\/p><p>Nous accordons une grande importance \u00e0 la s\u00e9lection de nos partenaires commerciaux et tiers.\u00a0 Notez que certains fournisseurs de services tiers poss\u00e8dent leurs propres politiques de confidentialit\u00e9 r\u00e9gissant la mani\u00e8re dont nous devons leur transmettre des informations lorsque nous utilisons leurs services. En ce qui concerne ces fournisseurs, nous vous recommandons de prendre connaissance de leurs politiques de confidentialit\u00e9 afin de comprendre comment ils traitent les informations personnelles qu\u2019ils collectent.<\/p><p>Lorsque vous quittez notre site Web ou que vous \u00eates redirig\u00e9 vers le site Web ou l\u2019application d\u2019un tiers, il convient de souligner que la pr\u00e9sente Politique ne s\u2019applique plus \u00e0 votre utilisation et que d\u2019autres r\u00e8gles et politiques de confidentialit\u00e9 peuvent pr\u00e9valoir.<\/p><h2>Liste de fournisseurs tiers<\/h2><p>Likuid\u00a0(h\u00e9bergement Web) : https:\/\/likuid.com\/termes-et-conditions.php<\/p><p>Google\u00a0(analyse de donn\u00e9es \u2013 \u00c9tats-Unis)\u00a0: https:\/\/policies.google.com\/privacy?hl=fr&amp;gl=fr<\/p><p>CookieYes\u00a0(outil de consentement) : https:\/\/www.cookieyes.com\/privacy-policy\/<\/p><h2>Cookies (t\u00e9moins)<\/h2><h3>Que sont les cookies?<\/h3><p>Les cookies sont de petits fichiers texte utilis\u00e9s pour stocker de petites quantit\u00e9s d\u2019informations. Ils sont stock\u00e9s sur votre appareil lorsque le site Web est charg\u00e9 dans votre navigateur. Ces cookies nous aident \u00e0 faire fonctionner le site Web correctement, \u00e0 le s\u00e9curiser davantage, \u00e0 offrir une meilleure exp\u00e9rience utilisateur, \u00e0 comprendre comment le site Web fonctionne et \u00e0 analyser ce qui fonctionne bien et ce qui doit \u00eatre am\u00e9lior\u00e9.<\/p><h3>Comment utilisons-nous les cookies ?<\/h3><p>Comme la plupart des services en ligne, notre site Web utilise des cookies de premi\u00e8re et de troisi\u00e8me partie \u00e0 plusieurs fins. Les cookies de premi\u00e8re partie sont principalement n\u00e9cessaires au bon fonctionnement du site Web et ne collectent aucune de vos donn\u00e9es personnelles identifiables.<\/p><p>Les cookies tiers utilis\u00e9s sur notre site Web servent principalement \u00e0 comprendre comment le site Web fonctionne, comment nos utilisateurs interagissez avec notre site Web, \u00e0 maintenir la s\u00e9curit\u00e9 de nos services, \u00e0 diffuser des publicit\u00e9s pertinentes pour vous, et dans l\u2019ensemble \u00e0 vous offrir une exp\u00e9rience utilisateur meilleure et am\u00e9lior\u00e9e.<\/p><h3>Types de cookies que nous utilisons<\/h3><div class=\"cky-audit-table-element\">\u00a0<\/div><h3>G\u00e9rer les pr\u00e9f\u00e9rences en mati\u00e8re de cookies<\/h3><p><a class=\"cky-banner-element\">Param\u00e8tres des cookies<\/a><\/p><p>Vous pouvez modifier vos pr\u00e9f\u00e9rences en mati\u00e8re de cookies \u00e0 tout moment en cliquant sur le bouton ci-dessus. Cela vous permettra de revisiter la banni\u00e8re de consentement aux cookies et de modifier vos pr\u00e9f\u00e9rences ou de retirer votre consentement imm\u00e9diatement.<\/p><p>En plus de cela, diff\u00e9rents navigateurs fournissent diff\u00e9rentes m\u00e9thodes pour bloquer et supprimer les cookies utilis\u00e9s par les sites Web. Vous pouvez modifier les param\u00e8tres de votre navigateur pour bloquer\/supprimer les cookies. Vous trouverez ci-dessous les liens vers les documents d\u2019assistance sur la gestion et la suppression des cookies des principaux navigateurs web.<\/p><ul><li><a href=\"https:\/\/support.google.com\/accounts\/answer\/32050\">Chrome<\/a><\/li><li><a href=\"https:\/\/support.apple.com\/fr-ca\/guide\/safari\/sfri11471\/mac\">Safari<\/a><\/li><li><a href=\"https:\/\/support.mozilla.org\/fr\/kb\/effacer-cookies-donnees-site-firefox?redirectslug=delete-cookies-remove-info-websites-stored&amp;redirectlocale=en-US\">Firefox<\/a><\/li><li><a href=\"https:\/\/support.microsoft.com\/fr-fr\/topic\/comment-supprimer-des-fichiers-cookies-dans-internet-explorer-bca9446f-d873-78de-77ba-d42645fa52fc\">Internet Explorer<\/a><\/li><\/ul><p>Si vous utilisez un autre navigateur web, veuillez consulter les documents d\u2019assistance officiels de votre navigateur.<\/p><h2>S\u00e9curit\u00e9<\/h2><p>La s\u00e9curit\u00e9 de vos informations nous tient \u00e0 c\u0153ur, et nous mettrons en place des mesures de s\u00e9curit\u00e9 raisonnables pour pr\u00e9venir la perte, l\u2019usage abusif ou la modification non autoris\u00e9e de vos informations sous notre contr\u00f4le. Cependant, compte tenu des risques inh\u00e9rents, nous ne pouvons garantir une s\u00e9curit\u00e9 absolue. Par cons\u00e9quent, nous ne pouvons assurer ni garantir la s\u00e9curit\u00e9 de toute information que vous nous transmettez, et vous le faites donc \u00e0 vos propres risques.<\/p><h2>Vos droits<\/h2><p>En fonction de la loi applicable, vous pouvez avoir le droit d\u2019acc\u00e9der \u00e0 vos donn\u00e9es personnelles, de les corriger ou de les effacer, de recevoir une copie de vos donn\u00e9es personnelles, de limiter ou de vous opposer au traitement actif de vos donn\u00e9es, de nous demander de partager (porter) vos informations personnelles avec une autre entit\u00e9, de retirer tout consentement que vous nous avez fourni pour le traitement de vos donn\u00e9es, le droit de d\u00e9poser une plainte aupr\u00e8s d\u2019une autorit\u00e9 de r\u00e9gulation et d\u2019autres droits pertinents en vertu des lois applicables. Pour exercer ces droits, vous pouvez nous \u00e9crire \u00e0 l\u2019adresse <a href=\"mailto:info@kiexplore.com\">info@kiexplore.com<\/a>. Nous r\u00e9pondrons \u00e0 votre demande conform\u00e9ment \u00e0 la loi applicable.<\/p><p>Veuillez noter que si vous ne nous permettez pas de collecter ou de traiter les informations personnelles requises ou de retirer le consentement pour traiter les m\u00eames informations aux fins requises, vous pourriez ne pas \u00eatre en mesure d\u2019acc\u00e9der ou d\u2019utiliser les services pour lesquels vos informations ont \u00e9t\u00e9 demand\u00e9es.<\/p><h2>Coordonn\u00e9es<\/h2><p>Vous pouvez nous contacter aux coordonn\u00e9es suivantes :<\/p><p>Ki Explore Inc.<br \/>\u00c0 l\u2019attention de Gail Tatebe, fondatrice<br \/><a href=\"mailto:info@kiexplore.com\">info@kiexplore.com<\/a><\/p>\t\t\t\t\t\t<\/div>\n\t\t\t\t<\/div>\n\t\t\t\t\t<\/div>\n\t\t<\/div>\n\t\t\t\t\t<\/div>\n\t\t<\/section>\n\t\t\t\t<\/div>\n\t\t","protected":false},"excerpt":{"rendered":"<p>Politique de confidentialit\u00e9 Mise \u00e0 jour : 19 avril 2024 Qui sommes-nous\u00a0? Ki Explore inc. (&lt;&lt;Ki Explore&gt;&gt;, &lt;&lt;nous&gt;&gt;, &lt;&lt;notre&gt;&gt; et &lt;&lt;nos&gt;&gt;)\u00a0 accorde une grande importance \u00e0 la protection de votre vie priv\u00e9e et s\u2019engage fermement \u00e0 pr\u00e9server les donn\u00e9es personnelles de ses utilisateurs. Pour garantir cette protection, nous avons \u00e9labor\u00e9 cette Politique de confidentialit\u00e9 (la [&hellip;]<\/p>\n","protected":false},"author":1,"featured_media":0,"parent":0,"menu_order":0,"comment_status":"closed","ping_status":"closed","template":"","meta":{"_acf_changed":false,"footnotes":""},"class_list":["post-4080","page","type-page","status-publish","hentry"],"acf":[],"yoast_head":"<!-- This site is optimized with the Yoast SEO plugin v22.5 - https:\/\/yoast.com\/wordpress\/plugins\/seo\/ -->\n<title>Politique de confidentialit\u00e9 - Ki Explore<\/title>\n<meta name=\"robots\" content=\"index, follow, max-snippet:-1, max-image-preview:large, max-video-preview:-1\" \/>\n<link rel=\"canonical\" href=\"https:\/\/kiexplore.com\/fr\/politique-de-confidentialite\/\" \/>\n<meta property=\"og:locale\" content=\"fr_FR\" \/>\n<meta property=\"og:type\" content=\"article\" \/>\n<meta property=\"og:title\" content=\"Politique de confidentialit\u00e9 - Ki Explore\" \/>\n<meta property=\"og:description\" content=\"Politique de confidentialit\u00e9 Mise \u00e0 jour : 19 avril 2024 Qui sommes-nous\u00a0? Ki Explore inc. (&lt;&lt;Ki Explore&gt;&gt;, &lt;&lt;nous&gt;&gt;, &lt;&lt;notre&gt;&gt; et &lt;&lt;nos&gt;&gt;)\u00a0 accorde une grande importance \u00e0 la protection de votre vie priv\u00e9e et s\u2019engage fermement \u00e0 pr\u00e9server les donn\u00e9es personnelles de ses utilisateurs. Pour garantir cette protection, nous avons \u00e9labor\u00e9 cette Politique de confidentialit\u00e9 (la [&hellip;]\" \/>\n<meta property=\"og:url\" content=\"https:\/\/kiexplore.com\/fr\/politique-de-confidentialite\/\" \/>\n<meta property=\"og:site_name\" content=\"Ki Explore\" \/>\n<meta property=\"article:modified_time\" content=\"2024-04-19T13:29:27+00:00\" \/>\n<meta name=\"twitter:card\" content=\"summary_large_image\" \/>\n<meta name=\"twitter:label1\" content=\"Dur\u00e9e de lecture estim\u00e9e\" \/>\n\t<meta name=\"twitter:data1\" content=\"7 minutes\" \/>\n<script type=\"application\/ld+json\" class=\"yoast-schema-graph\">{\"@context\":\"https:\/\/schema.org\",\"@graph\":[{\"@type\":\"WebPage\",\"@id\":\"https:\/\/kiexplore.com\/fr\/politique-de-confidentialite\/\",\"url\":\"https:\/\/kiexplore.com\/fr\/politique-de-confidentialite\/\",\"name\":\"Politique de confidentialit\u00e9 - Ki Explore\",\"isPartOf\":{\"@id\":\"https:\/\/kiexplore.com\/fr\/#website\"},\"datePublished\":\"2024-04-19T11:50:28+00:00\",\"dateModified\":\"2024-04-19T13:29:27+00:00\",\"breadcrumb\":{\"@id\":\"https:\/\/kiexplore.com\/fr\/politique-de-confidentialite\/#breadcrumb\"},\"inLanguage\":\"fr-FR\",\"potentialAction\":[{\"@type\":\"ReadAction\",\"target\":[\"https:\/\/kiexplore.com\/fr\/politique-de-confidentialite\/\"]}]},{\"@type\":\"BreadcrumbList\",\"@id\":\"https:\/\/kiexplore.com\/fr\/politique-de-confidentialite\/#breadcrumb\",\"itemListElement\":[{\"@type\":\"ListItem\",\"position\":1,\"name\":\"Home\",\"item\":\"https:\/\/kiexplore.com\/fr\/\"},{\"@type\":\"ListItem\",\"position\":2,\"name\":\"Politique de confidentialit\u00e9\"}]},{\"@type\":\"WebSite\",\"@id\":\"https:\/\/kiexplore.com\/fr\/#website\",\"url\":\"https:\/\/kiexplore.com\/fr\/\",\"name\":\"Ki Explore\",\"description\":\"\",\"potentialAction\":[{\"@type\":\"SearchAction\",\"target\":{\"@type\":\"EntryPoint\",\"urlTemplate\":\"https:\/\/kiexplore.com\/fr\/?s={search_term_string}\"},\"query-input\":\"required name=search_term_string\"}],\"inLanguage\":\"fr-FR\"}]}<\/script>\n<!-- \/ Yoast SEO plugin. -->","yoast_head_json":{"title":"Politique de confidentialit\u00e9 - Ki Explore","robots":{"index":"index","follow":"follow","max-snippet":"max-snippet:-1","max-image-preview":"max-image-preview:large","max-video-preview":"max-video-preview:-1"},"canonical":"https:\/\/kiexplore.com\/fr\/politique-de-confidentialite\/","og_locale":"fr_FR","og_type":"article","og_title":"Politique de confidentialit\u00e9 - Ki Explore","og_description":"Politique de confidentialit\u00e9 Mise \u00e0 jour : 19 avril 2024 Qui sommes-nous\u00a0? Ki Explore inc. (&lt;&lt;Ki Explore&gt;&gt;, &lt;&lt;nous&gt;&gt;, &lt;&lt;notre&gt;&gt; et &lt;&lt;nos&gt;&gt;)\u00a0 accorde une grande importance \u00e0 la protection de votre vie priv\u00e9e et s\u2019engage fermement \u00e0 pr\u00e9server les donn\u00e9es personnelles de ses utilisateurs. Pour garantir cette protection, nous avons \u00e9labor\u00e9 cette Politique de confidentialit\u00e9 (la [&hellip;]","og_url":"https:\/\/kiexplore.com\/fr\/politique-de-confidentialite\/","og_site_name":"Ki Explore","article_modified_time":"2024-04-19T13:29:27+00:00","twitter_card":"summary_large_image","twitter_misc":{"Dur\u00e9e de lecture estim\u00e9e":"7 minutes"},"schema":{"@context":"https:\/\/schema.org","@graph":[{"@type":"WebPage","@id":"https:\/\/kiexplore.com\/fr\/politique-de-confidentialite\/","url":"https:\/\/kiexplore.com\/fr\/politique-de-confidentialite\/","name":"Politique de confidentialit\u00e9 - Ki Explore","isPartOf":{"@id":"https:\/\/kiexplore.com\/fr\/#website"},"datePublished":"2024-04-19T11:50:28+00:00","dateModified":"2024-04-19T13:29:27+00:00","breadcrumb":{"@id":"https:\/\/kiexplore.com\/fr\/politique-de-confidentialite\/#breadcrumb"},"inLanguage":"fr-FR","potentialAction":[{"@type":"ReadAction","target":["https:\/\/kiexplore.com\/fr\/politique-de-confidentialite\/"]}]},{"@type":"BreadcrumbList","@id":"https:\/\/kiexplore.com\/fr\/politique-de-confidentialite\/#breadcrumb","itemListElement":[{"@type":"ListItem","position":1,"name":"Home","item":"https:\/\/kiexplore.com\/fr\/"},{"@type":"ListItem","position":2,"name":"Politique de confidentialit\u00e9"}]},{"@type":"WebSite","@id":"https:\/\/kiexplore.com\/fr\/#website","url":"https:\/\/kiexplore.com\/fr\/","name":"Ki Explore","description":"","potentialAction":[{"@type":"SearchAction","target":{"@type":"EntryPoint","urlTemplate":"https:\/\/kiexplore.com\/fr\/?s={search_term_string}"},"query-input":"required name=search_term_string"}],"inLanguage":"fr-FR"}]}},"_links":{"self":[{"href":"https:\/\/kiexplore.com\/fr\/wp-json\/wp\/v2\/pages\/4080","targetHints":{"allow":["GET"]}}],"collection":[{"href":"https:\/\/kiexplore.com\/fr\/wp-json\/wp\/v2\/pages"}],"about":[{"href":"https:\/\/kiexplore.com\/fr\/wp-json\/wp\/v2\/types\/page"}],"author":[{"embeddable":true,"href":"https:\/\/kiexplore.com\/fr\/wp-json\/wp\/v2\/users\/1"}],"replies":[{"embeddable":true,"href":"https:\/\/kiexplore.com\/fr\/wp-json\/wp\/v2\/comments?post=4080"}],"version-history":[{"count":10,"href":"https:\/\/kiexplore.com\/fr\/wp-json\/wp\/v2\/pages\/4080\/revisions"}],"predecessor-version":[{"id":4093,"href":"https:\/\/kiexplore.com\/fr\/wp-json\/wp\/v2\/pages\/4080\/revisions\/4093"}],"wp:attachment":[{"href":"https:\/\/kiexplore.com\/fr\/wp-json\/wp\/v2\/media?parent=4080"}],"curies":[{"name":"wp","href":"https:\/\/api.w.org\/{rel}","templated":true}]}}